{"id":3346,"date":"2020-04-18T15:25:19","date_gmt":"2020-04-18T13:25:19","guid":{"rendered":"https:\/\/www.adictosaljetlag.com\/?page_id=3346"},"modified":"2020-04-18T15:25:19","modified_gmt":"2020-04-18T13:25:19","slug":"cine","status":"publish","type":"page","link":"https:\/\/www.adictosaljetlag.com\/index.php\/cine\/","title":{"rendered":"Cine"},"content":{"rendered":"<style type='text\/css' media='all'>#rt-tpg-container-2853444645 .rt-holder .rt-woo-info .price{color:#0367bf;}body .rt-tpg-container .rt-tpg-isotope-buttons .selected,\r\n\t\t\t\t\t#rt-tpg-container-2853444645 .layout12 .rt-holder:hover .rt-detail,\r\n\t\t\t\t\t#rt-tpg-container-2853444645 .isotope8 .rt-holder:hover .rt-detail,\r\n\t\t\t\t\t#rt-tpg-container-2853444645 .carousel8 .rt-holder:hover .rt-detail,\r\n\t\t\t\t\t#rt-tpg-container-2853444645 .layout13 .rt-holder .overlay .post-info,\r\n\t\t\t\t\t#rt-tpg-container-2853444645 .isotope9 .rt-holder .overlay .post-info,\r\n\t\t\t\t\t#rt-tpg-container-2853444645.rt-tpg-container .layout4 .rt-holder .rt-detail,\r\n\t\t\t\t\t.rt-modal-2853444645 .md-content,\r\n\t\t\t\t\t.rt-modal-2853444645 .md-content > .rt-md-content-holder .rt-md-content,\r\n\t\t\t\t\t.rt-popup-wrap-2853444645.rt-popup-wrap .rt-popup-navigation-wrap,\r\n\t\t\t\t\t#rt-tpg-container-2853444645 .carousel9 .rt-holder .overlay .post-info{background-color:#0367bf;}#rt-tpg-container-2853444645 .layout5 .rt-holder .overlay, #rt-tpg-container-2853444645 .isotope2 .rt-holder .overlay, #rt-tpg-container-2853444645 .carousel2 .rt-holder .overlay,#rt-tpg-container-2853444645 .layout15 .rt-holder h3, #rt-tpg-container-2853444645 .isotope11 .rt-holder h3, #rt-tpg-container-2853444645 .carousel11 .rt-holder h3, #rt-tpg-container-2853444645 .layout16 .rt-holder h3,\r\n\t\t\t\t\t#rt-tpg-container-2853444645 .isotope12 .rt-holder h3, #rt-tpg-container-2853444645 .carousel12 .rt-holder h3 {background-color:rgba(3,103,191,0.8);}#rt-tpg-container-2853444645 .read-more a{border-radius:px;}#rt-tpg-container-2853444645 .rt-img-holder img.rt-img-responsive,#rt-tpg-container-2853444645 .rt-img-holder,\r\n\t\t\t\t\t#rt-tpg-container-2853444645 .rt-post-overlay .post-img,\r\n\t\t\t\t\t#rt-tpg-container-2853444645 .post-sm .post-img,\r\n\t\t\t\t\t#rt-tpg-container-2853444645 .rt-post-grid .post-img,\r\n\t\t\t\t\t#rt-tpg-container-2853444645 .post-img img {border-radius:px;}<\/style><div class='rt-container-fluid rt-tpg-container tpg-shortcode-main-wrapper ' id='rt-tpg-container-2853444645'   data-layout='layout1' data-grid-style='even' data-desktop-col='3'  data-tab-col='2'  data-mobile-col='1' data-sc-id='3345'><div data-title='Loading ...' class='rt-row rt-content-loader   layout1 tpg-even '><div class=\"rt-col-md-4 rt-col-sm-6 rt-col-xs-12 even-grid-item rt-grid-item\" data-id=\"3578\"><div class=\"rt-holder\"><div class=\"rt-img-holder\"><a data-id=\"3578\" class=\"\" href=\"https:\/\/www.adictosaljetlag.com\/index.php\/2020\/10\/10\/nostre-vot-al-minut-a-sitges-2020\/\"><img loading=\"lazy\" decoding=\"async\" width=\"400\" height=\"160\" src=\"https:\/\/www.adictosaljetlag.com\/wp-content\/uploads\/2020\/10\/88A15A1C-2493-4BD5-AA77-9B9253262B99-400x160.jpeg\" class=\"rt-img-responsive \" alt=\"\" data-wp-pid=\"3603\" \/><\/a><\/div><div class='rt-detail'><h2 class=\"entry-title\"><a data-id=\"3578\" class=\"\" href=\"https:\/\/www.adictosaljetlag.com\/index.php\/2020\/10\/10\/nostre-vot-al-minut-a-sitges-2020\/\">Nostre vot al minut a Sitges 2020<\/a><\/h2><div class='tpg-excerpt'>Nuestro ranking de pel\u00edculas vistas en Sitges que iremos actualizando diariamente:...<\/div><div class='post-meta '><span class='read-more'><a data-id='3578' class='' href='https:\/\/www.adictosaljetlag.com\/index.php\/2020\/10\/10\/nostre-vot-al-minut-a-sitges-2020\/'>Leer m\u00e1s<\/a><\/span><\/div><\/div><\/div><\/div><div class=\"rt-col-md-4 rt-col-sm-6 rt-col-xs-12 even-grid-item rt-grid-item\" data-id=\"3604\"><div class=\"rt-holder\"><div class='rt-detail'><h2 class=\"entry-title\"><a data-id=\"3604\" class=\"\" href=\"https:\/\/www.adictosaljetlag.com\/index.php\/2020\/09\/27\/palmares-de-la-68ssiff\/\">Palmar\u00e9s de la 68SSIFF<\/a><\/h2><div class='tpg-excerpt'>Repaso a los premios y votaciones de la 68 edici\u00f3n del Festival Internacional de Cine de San Sebasti\u00e1n...<\/div><div class='post-meta '><span class='read-more'><a data-id='3604' class='' href='https:\/\/www.adictosaljetlag.com\/index.php\/2020\/09\/27\/palmares-de-la-68ssiff\/'>Leer m\u00e1s<\/a><\/span><\/div><\/div><\/div><\/div><div class=\"rt-col-md-4 rt-col-sm-6 rt-col-xs-12 even-grid-item rt-grid-item\" data-id=\"3478\"><div class=\"rt-holder\"><div class=\"rt-img-holder\"><a data-id=\"3478\" class=\"\" href=\"https:\/\/www.adictosaljetlag.com\/index.php\/2020\/09\/20\/nuestro-top-de-la-68ssiff\/\"><img loading=\"lazy\" decoding=\"async\" width=\"400\" height=\"151\" src=\"https:\/\/www.adictosaljetlag.com\/wp-content\/uploads\/2020\/09\/73661144-99B1-47E4-BBA1-726A9A39E561-400x151.jpeg\" class=\"rt-img-responsive \" alt=\"\" data-wp-pid=\"3517\" \/><\/a><\/div><div class='rt-detail'><h2 class=\"entry-title\"><a data-id=\"3478\" class=\"\" href=\"https:\/\/www.adictosaljetlag.com\/index.php\/2020\/09\/20\/nuestro-top-de-la-68ssiff\/\">Nuestro voto al minuto de la 68SSIFF<\/a><\/h2><div class='tpg-excerpt'>Como todos los a\u00f1os, dedicaremos un post para ir actualizando d\u00eda a d\u00eda nuestro ranking de pel\u00edculas vistas en el festival, con independencia de la secci\u00f3n en la que participan. Pero a diferencia de los anteriores, este a\u00f1o nos costaba...<\/div><div class='post-meta '><span class='read-more'><a data-id='3478' class='' href='https:\/\/www.adictosaljetlag.com\/index.php\/2020\/09\/20\/nuestro-top-de-la-68ssiff\/'>Leer m\u00e1s<\/a><\/span><\/div><\/div><\/div><\/div><div class=\"rt-col-md-4 rt-col-sm-6 rt-col-xs-12 even-grid-item rt-grid-item\" data-id=\"3165\"><div class=\"rt-holder\"><div class=\"rt-img-holder\"><a data-id=\"3165\" class=\"\" href=\"https:\/\/www.adictosaljetlag.com\/index.php\/2020\/03\/06\/nuestro-voto-al-minuto-syfy-2020\/\"><img loading=\"lazy\" decoding=\"async\" width=\"400\" height=\"160\" src=\"https:\/\/www.adictosaljetlag.com\/wp-content\/uploads\/2020\/03\/cabeceraSyfy2020-400x160.png\" class=\"rt-img-responsive \" alt=\"\" data-wp-pid=\"3201\" \/><\/a><\/div><div class='rt-detail'><h2 class=\"entry-title\"><a data-id=\"3165\" class=\"\" href=\"https:\/\/www.adictosaljetlag.com\/index.php\/2020\/03\/06\/nuestro-voto-al-minuto-syfy-2020\/\">Nuestro voto al minuto Syfy 2020<\/a><\/h2><div class='tpg-excerpt'>...<\/div><div class='post-meta '><span class='read-more'><a data-id='3165' class='' href='https:\/\/www.adictosaljetlag.com\/index.php\/2020\/03\/06\/nuestro-voto-al-minuto-syfy-2020\/'>Leer m\u00e1s<\/a><\/span><\/div><\/div><\/div><\/div><div class=\"rt-col-md-4 rt-col-sm-6 rt-col-xs-12 even-grid-item rt-grid-item\" data-id=\"3092\"><div class=\"rt-holder\"><div class=\"rt-img-holder\"><a data-id=\"3092\" class=\"\" href=\"https:\/\/www.adictosaljetlag.com\/index.php\/2020\/01\/18\/peliculas-2020-nuestro-voto-al-dia\/\"><img loading=\"lazy\" decoding=\"async\" width=\"400\" height=\"160\" src=\"https:\/\/www.adictosaljetlag.com\/wp-content\/uploads\/2020\/03\/top2020-400x160.png\" class=\"rt-img-responsive \" alt=\"\" data-wp-pid=\"3181\" \/><\/a><\/div><div class='rt-detail'><h2 class=\"entry-title\"><a data-id=\"3092\" class=\"\" href=\"https:\/\/www.adictosaljetlag.com\/index.php\/2020\/01\/18\/peliculas-2020-nuestro-voto-al-dia\/\">Pel\u00edculas 2020, nuestro voto al d\u00eda<\/a><\/h2><div class='tpg-excerpt'>Nuestro ranking al d\u00eda de pel\u00edculas estrenadas en Espa\u00f1a en salas comerciales o en plataformas digitales durante 2020: Resumen del palmar\u00e9s de los principales festivales del a\u00f1o (nos permitimos colar alg\u00fan espa\u00f1ol de m\u00e1s entre ellos):...<\/div><div class='post-meta '><span class='read-more'><a data-id='3092' class='' href='https:\/\/www.adictosaljetlag.com\/index.php\/2020\/01\/18\/peliculas-2020-nuestro-voto-al-dia\/'>Leer m\u00e1s<\/a><\/span><\/div><\/div><\/div><\/div><div class=\"rt-col-md-4 rt-col-sm-6 rt-col-xs-12 even-grid-item rt-grid-item\" data-id=\"2960\"><div class=\"rt-holder\"><div class=\"rt-img-holder\"><a data-id=\"2960\" class=\"\" href=\"https:\/\/www.adictosaljetlag.com\/index.php\/2019\/12\/08\/nuestras-peliculas-favoritas-de-2019\/\"><img loading=\"lazy\" decoding=\"async\" width=\"400\" height=\"160\" src=\"https:\/\/www.adictosaljetlag.com\/wp-content\/uploads\/2019\/12\/cabeceraTop2019_v2-400x160.jpg\" class=\"rt-img-responsive \" alt=\"\" data-wp-pid=\"3062\" \/><\/a><\/div><div class='rt-detail'><h2 class=\"entry-title\"><a data-id=\"2960\" class=\"\" href=\"https:\/\/www.adictosaljetlag.com\/index.php\/2019\/12\/08\/nuestras-peliculas-favoritas-de-2019\/\">Nuestras pel\u00edculas favoritas de 2019<\/a><\/h2><div class='tpg-excerpt'>Si ya nos ha resultado complicado este a\u00f1o elegir nuestras 10 pel\u00edculas favoritas entre el m\u00e1s del centenar que habremos visto, el ejercicio posterior de tratar de ordenarlas nos ha sido literalmente imposible. Por ello hemos decidido acudir al portal...<\/div><div class='post-meta '><span class='read-more'><a data-id='2960' class='' href='https:\/\/www.adictosaljetlag.com\/index.php\/2019\/12\/08\/nuestras-peliculas-favoritas-de-2019\/'>Leer m\u00e1s<\/a><\/span><\/div><\/div><\/div><\/div><div class=\"rt-col-md-4 rt-col-sm-6 rt-col-xs-12 even-grid-item rt-grid-item\" data-id=\"2884\"><div class=\"rt-holder\"><div class=\"rt-img-holder\"><a data-id=\"2884\" class=\"\" href=\"https:\/\/www.adictosaljetlag.com\/index.php\/2019\/11\/23\/la-distribucion-de-la-seccion-oficial-de-la-67ssiff\/\"><img loading=\"lazy\" decoding=\"async\" width=\"400\" height=\"160\" src=\"https:\/\/www.adictosaljetlag.com\/wp-content\/uploads\/2019\/11\/Mientrasdurelaguerra_cabecera2-400x160.jpg\" class=\"rt-img-responsive \" alt=\"\" data-wp-pid=\"2908\" \/><\/a><\/div><div class='rt-detail'><h2 class=\"entry-title\"><a data-id=\"2884\" class=\"\" href=\"https:\/\/www.adictosaljetlag.com\/index.php\/2019\/11\/23\/la-distribucion-de-la-seccion-oficial-de-la-67ssiff\/\">La distribuci\u00f3n comercial de la Secci\u00f3n Oficial tras la 67SSIFF<\/a><\/h2><div class='tpg-excerpt'>En este post analizamos la distribuci\u00f3n en Espa\u00f1a de las pel\u00edculas que compitieron a concurso en la Secci\u00f3n Oficial de la 67 edici\u00f3n del Festival Internacional de Cine de San Sebasti\u00e1n. Lo primero que cabr\u00eda decir es que casi el&nbsp;40%...<\/div><div class='post-meta '><span class='read-more'><a data-id='2884' class='' href='https:\/\/www.adictosaljetlag.com\/index.php\/2019\/11\/23\/la-distribucion-de-la-seccion-oficial-de-la-67ssiff\/'>Leer m\u00e1s<\/a><\/span><\/div><\/div><\/div><\/div><div class=\"rt-col-md-4 rt-col-sm-6 rt-col-xs-12 even-grid-item rt-grid-item\" data-id=\"2628\"><div class=\"rt-holder\"><div class=\"rt-img-holder\"><a data-id=\"2628\" class=\"\" href=\"https:\/\/www.adictosaljetlag.com\/index.php\/2019\/10\/12\/ranking-al-dia-de-sitges-2019\/\"><img loading=\"lazy\" decoding=\"async\" width=\"400\" height=\"151\" src=\"https:\/\/www.adictosaljetlag.com\/wp-content\/uploads\/2019\/10\/979C77F0-701C-465C-AECB-8ED8BF187A28-400x151.jpeg\" class=\"rt-img-responsive \" alt=\"\" data-wp-pid=\"2760\" \/><\/a><\/div><div class='rt-detail'><h2 class=\"entry-title\"><a data-id=\"2628\" class=\"\" href=\"https:\/\/www.adictosaljetlag.com\/index.php\/2019\/10\/12\/ranking-al-dia-de-sitges-2019\/\">Nostre vot al minut a Sitges 2019<\/a><\/h2><div class='tpg-excerpt'>Nuestro ranking de pel\u00edculas vistas en Sitges que iremos actualizando diariamente:...<\/div><div class='post-meta '><span class='read-more'><a data-id='2628' class='' href='https:\/\/www.adictosaljetlag.com\/index.php\/2019\/10\/12\/ranking-al-dia-de-sitges-2019\/'>Leer m\u00e1s<\/a><\/span><\/div><\/div><\/div><\/div><div class=\"rt-col-md-4 rt-col-sm-6 rt-col-xs-12 even-grid-item rt-grid-item\" data-id=\"2599\"><div class=\"rt-holder\"><div class=\"rt-img-holder\"><a data-id=\"2599\" class=\"\" href=\"https:\/\/www.adictosaljetlag.com\/index.php\/2019\/10\/05\/nuestro-top-67ssiff\/\"><img loading=\"lazy\" decoding=\"async\" width=\"400\" height=\"151\" src=\"https:\/\/www.adictosaljetlag.com\/wp-content\/uploads\/2019\/10\/449733BE-2407-4EEE-A639-3D3DB626EA17-400x151.jpeg\" class=\"rt-img-responsive \" alt=\"\" data-wp-pid=\"2768\" \/><\/a><\/div><div class='rt-detail'><h2 class=\"entry-title\"><a data-id=\"2599\" class=\"\" href=\"https:\/\/www.adictosaljetlag.com\/index.php\/2019\/10\/05\/nuestro-top-67ssiff\/\">Nuestro top de la 67SSIFF<\/a><\/h2><div class='tpg-excerpt'>En este ranking incluimos las mejores pel\u00edculas (obviamente seg\u00fan nuestro criterio subjetivo) entre las m\u00e1s de 30 pel\u00edculas que hemos visto durante la 67 edici\u00f3n del Festival Internacional de Cine de San Sebasti\u00e1n. Esto incluye todas las de Secci\u00f3n Oficial...<\/div><div class='post-meta '><span class='read-more'><a data-id='2599' class='' href='https:\/\/www.adictosaljetlag.com\/index.php\/2019\/10\/05\/nuestro-top-67ssiff\/'>Leer m\u00e1s<\/a><\/span><\/div><\/div><\/div><\/div><\/div><div class='rt-pagination-wrap' data-total-pages='4' data-posts-per-page='9' data-type='pagination'  ><div class=\"rt-pagination\" ><ul class=\"pagination-list\"><li class=\"active\"><span>1<\/span><\/li><li><a data-paged='2' href='https:\/\/www.adictosaljetlag.com\/index.php\/wp-json\/wp\/v2\/pages\/3346\/page\/2\/'>2<\/a><\/li><li><a data-paged='3' href='https:\/\/www.adictosaljetlag.com\/index.php\/wp-json\/wp\/v2\/pages\/3346\/page\/3\/'>3<\/a><\/li><li><a data-paged='4' href='https:\/\/www.adictosaljetlag.com\/index.php\/wp-json\/wp\/v2\/pages\/3346\/page\/4\/'>4<\/a><\/li><\/ul><\/div><\/div><\/div>\n","protected":false},"excerpt":{"rendered":"","protected":false},"author":1,"featured_media":0,"parent":0,"menu_order":0,"comment_status":"closed","ping_status":"closed","template":"template-category.php","meta":{"_acf_changed":false,"advgb_blocks_editor_width":"","advgb_blocks_columns_visual_guide":"","footnotes":""},"acf":[],"coauthors":[],"author_meta":{"author_link":"https:\/\/www.adictosaljetlag.com\/index.php\/author\/adictos\/","display_name":"adictos"},"relative_dates":{"created":"Publicado 6 a\u00f1os hace","modified":"Actualizado 6 a\u00f1os hace"},"absolute_dates":{"created":"Publicado el 18 abril, 2020","modified":"Actualizado el 18 abril, 2020"},"absolute_dates_time":{"created":"Publicado el 18 abril, 2020 3:25 pm","modified":"Actualizado el 18 abril, 2020 3:25 pm"},"featured_img_caption":"","featured_img":false,"series_order":"","rttpg_featured_image_url":null,"rttpg_author":{"display_name":"adictos","author_link":"https:\/\/www.adictosaljetlag.com\/index.php\/author\/adictos\/"},"rttpg_comment":0,"rttpg_category":"","rttpg_excerpt":null,"_links":{"self":[{"href":"https:\/\/www.adictosaljetlag.com\/index.php\/wp-json\/wp\/v2\/pages\/3346"}],"collection":[{"href":"https:\/\/www.adictosaljetlag.com\/index.php\/wp-json\/wp\/v2\/pages"}],"about":[{"href":"https:\/\/www.adictosaljetlag.com\/index.php\/wp-json\/wp\/v2\/types\/page"}],"author":[{"embeddable":true,"href":"https:\/\/www.adictosaljetlag.com\/index.php\/wp-json\/wp\/v2\/users\/1"}],"replies":[{"embeddable":true,"href":"https:\/\/www.adictosaljetlag.com\/index.php\/wp-json\/wp\/v2\/comments?post=3346"}],"version-history":[{"count":2,"href":"https:\/\/www.adictosaljetlag.com\/index.php\/wp-json\/wp\/v2\/pages\/3346\/revisions"}],"predecessor-version":[{"id":3353,"href":"https:\/\/www.adictosaljetlag.com\/index.php\/wp-json\/wp\/v2\/pages\/3346\/revisions\/3353"}],"wp:attachment":[{"href":"https:\/\/www.adictosaljetlag.com\/index.php\/wp-json\/wp\/v2\/media?parent=3346"}],"curies":[{"name":"wp","href":"https:\/\/api.w.org\/{rel}","templated":true}]}}