{"id":229,"date":"2015-11-28T11:14:41","date_gmt":"2015-11-28T10:14:41","guid":{"rendered":"http:\/\/www.adictosaljetlag.com\/?page_id=229"},"modified":"2020-04-18T14:35:49","modified_gmt":"2020-04-18T12:35:49","slug":"diario-de-vietnam","status":"publish","type":"page","link":"https:\/\/www.adictosaljetlag.com\/index.php\/diario-de-vietnam\/","title":{"rendered":"Diario de Vietnam"},"content":{"rendered":"<p>&nbsp;<\/p>\n<p>Aqu\u00ed encontrareis todos los post del diario de viaje a Vietnam y un mapa donde hemos anotado y comentado todos los sitios que hemos visitado (y alguno m\u00e1s que llev\u00e1bamos apuntado pero que al final no vimos).<\/p>\n<ul>\n<li><a title=\"Vietnam D\u00cdA 1: Vuelo Madrid-Hanoi\" href=\"https:\/\/www.adictosaljetlag.es\/index.php\/2015\/10\/23\/vietnam-dia-1-vuelo-madrid-hanoi\/\" rel=\"bookmark\">D\u00cdA 1: Vuelo Madrid-Hanoi<\/a><\/li>\n<li><a title=\"Vietnam D\u00cdA 2: (Jueves 16 de Julio): Hanoi\" href=\"https:\/\/www.adictosaljetlag.es\/index.php\/2015\/10\/23\/vietnam-dia-2-jueves-16-de-julio-hanoi\/\" rel=\"bookmark\">D\u00cdA 2: (Jueves 16 de Julio): Hanoi<\/a><\/li>\n<li><a title=\"Vietnam D\u00cdA 3: (Viernes 17 de Julio): Hanoi\" href=\"https:\/\/www.adictosaljetlag.es\/index.php\/2015\/10\/24\/vietnam-dia-3-viernes-17-de-julio-hanoi\/\" rel=\"bookmark\">D\u00cdA 3: (Viernes 17 de Julio): Hanoi<\/a><\/li>\n<li><a title=\"Vietnam D\u00cdA 4: (S\u00e1bado 18 de Julio): Tam Coc\" href=\"https:\/\/www.adictosaljetlag.es\/index.php\/2015\/10\/24\/vietnam-dia-4-sabado-18-de-julio-tam-coc\/\" rel=\"bookmark\">D\u00cdA 4: (S\u00e1bado 18 de Julio): Tam Coc<\/a><\/li>\n<li><a title=\"Vietnam D\u00cdA 5: (Domingo 19 de Julio): Sapa\" href=\"https:\/\/www.adictosaljetlag.es\/index.php\/2015\/10\/25\/vietnam-dia-5-domingo-19-de-julio-sapa\/\" rel=\"bookmark\">D\u00cdA 5: (Domingo 19 de Julio): Sapa<\/a><\/li>\n<li><a title=\"Vietnam D\u00cdA 6 (Lunes 20 de Julio): Sapa\" href=\"https:\/\/www.adictosaljetlag.es\/index.php\/2015\/10\/27\/vietnam-dia-6-lunes-20-de-julio-sapa\/\" rel=\"bookmark\">D\u00cdA 6 (Lunes 20 de Julio): Sapa<\/a><\/li>\n<li><a title=\"Vietnam D\u00cdA 7 (Martes 21 de Julio): Bah\u00eda de Halong\" href=\"https:\/\/www.adictosaljetlag.es\/index.php\/2015\/11\/15\/dia-7-martes-21-de-julio-bahia-de-halong\/\" rel=\"bookmark\">D\u00cdA 7 (Martes 21 de Julio): Bah\u00eda de Halong<\/a><\/li>\n<li><a title=\"Vietnam D\u00cdA 8 (Mi\u00e9rcoles 22 de Julio): Bah\u00eda de Halong\" href=\"https:\/\/www.adictosaljetlag.es\/index.php\/2015\/11\/17\/vietnam-dia-8-miercoles-22-de-julio-bahia-de-halong\/\" rel=\"bookmark\">D\u00cdA 8 (Mi\u00e9rcoles 22 de Julio): Bah\u00eda de Halong<\/a><\/li>\n<li><a title=\"Vietnam D\u00cdA 9 (Jueves 23 de Julio): Hoi An\" href=\"https:\/\/www.adictosaljetlag.es\/index.php\/2015\/11\/21\/vietnam-dia-9-jueves-23-de-julio-hoi-an\/\" rel=\"bookmark\">D\u00cdA 9 (Jueves 23 de Julio): Hoi An<\/a><\/li>\n<li><a title=\"Vietnam D\u00cdA 10 (Viernes 24 de Julio): My Son y An Bang\" href=\"https:\/\/www.adictosaljetlag.es\/index.php\/2015\/11\/27\/vietnam-dia-10-viernes-24-de-julio-my-son\/\" rel=\"bookmark\">D\u00cdA 10 (Viernes 24 de Julio): My Son y An Bang<\/a><\/li>\n<li><a title=\"Vietnam D\u00cdA 11 (S\u00e1bado 25 de Julio): Hue\" href=\"https:\/\/www.adictosaljetlag.es\/index.php\/2015\/11\/29\/vietnam-dia-11-sabado-25-de-julio-hue\/\" rel=\"bookmark\">D\u00cdA 11 (S\u00e1bado 25 de Julio): Hue<\/a><\/li>\n<li><a title=\"Vietnam D\u00cdA 12 (Domingo 26 de Julio): Afueras de Hue\" href=\"https:\/\/www.adictosaljetlag.es\/index.php\/2015\/12\/04\/dia-12-domingo-26-de-julio-hue\/\" rel=\"bookmark\">D\u00cdA 12 (Domingo 26 de Julio): Afueras de Hue<\/a><\/li>\n<li><a title=\"Vietnam D\u00cdA 13 (Lunes 27 de Julio): Ho Chi Ming City\" href=\"https:\/\/www.adictosaljetlag.com\/index.php\/2015\/12\/04\/vietnam-dia-13-lunes-27-de-julio-ho-chi-ming-city\/\" rel=\"bookmark\">D\u00cdA 13 (Lunes 27 de Julio): Ho Chi Ming City<\/a><\/li>\n<li><a title=\"Vietnam D\u00cdA 14 (Martes 28 de Julio): Delta de Mekong\" href=\"https:\/\/www.adictosaljetlag.com\/index.php\/2015\/12\/11\/vietnam-dia-14-martes-28-de-julio-delta-de-mekong\/\" rel=\"bookmark\">D\u00cdA 14 (Martes 28 de Julio): Delta de Mekong<\/a><\/li>\n<li><a title=\"Vietnam D\u00cdA 15 (Mi\u00e9rcoles 29 de Julio): Mercado Cai Rang\" href=\"https:\/\/www.adictosaljetlag.es\/index.php\/2015\/12\/13\/vietnam-dia-15-miercoles-29-de-julio-mercado-cai-rang\/\" rel=\"bookmark\">D\u00cdA 15 (Mi\u00e9rcoles 29 de Julio): Mercado Cai Rang<\/a><\/li>\n<li><a title=\"Vietnam D\u00cdA 16 (Jueves 30 de Julio): T\u00faneles de Cu Chi\" href=\"https:\/\/www.adictosaljetlag.es\/index.php\/2015\/12\/19\/vietnam-dia-16-jueves-30-de-julio-tuneles-de-cu-chi\/\" rel=\"bookmark\">D\u00cdA 16 (Jueves 30 de Julio): T\u00faneles de Cu Chi<\/a><\/li>\n<\/ul>\n<p>&nbsp;<\/p>\n<div style=\"width: 190px; display: inline-block; line-height: 40px;\"><em><img loading=\"lazy\" decoding=\"async\" class=\"wp-image-317\" style=\"border: 0px; margin: 0 5px 0 0;\" src=\"https:\/\/adictosaljetlag.com\/wp-content\/uploads\/2015\/12\/imprescindible.png\" alt=\"\" width=\"25\" height=\"30\">Nuestros favoritos<\/em><br \/>\n<em><img loading=\"lazy\" decoding=\"async\" class=\"wp-image-317\" style=\"border: 0px; margin: 0 5px 0 0;\" src=\"https:\/\/adictosaljetlag.com\/wp-content\/uploads\/2015\/12\/monumento1.png\" alt=\"\" width=\"25\" height=\"30\">Imprescindible<\/em><br \/>\n<em><img loading=\"lazy\" decoding=\"async\" class=\"wp-image-317\" style=\"border: 0px; margin: 0 5px 0 0;\" src=\"https:\/\/adictosaljetlag.com\/wp-content\/uploads\/2015\/12\/monumento2.png\" alt=\"\" width=\"25\" height=\"30\">Interesante<\/em><br \/>\n<em><img loading=\"lazy\" decoding=\"async\" class=\"wp-image-317\" style=\"border: 0px; margin: 0 5px 0 0;\" src=\"https:\/\/adictosaljetlag.com\/wp-content\/uploads\/2015\/12\/monumento3.png\" alt=\"\" width=\"25\" height=\"30\">Prescindible<\/em><\/div>\n<div style=\"width: 160px; display: inline-block; line-height: 40px;\"><em><img loading=\"lazy\" decoding=\"async\" class=\"wp-image-317\" style=\"border: 0px; margin: 0 5px 0 0;\" src=\"https:\/\/adictosaljetlag.com\/wp-content\/uploads\/2015\/12\/restaurante1.png\" alt=\"\" width=\"25\" height=\"30\">Muy bueno<\/em><br \/>\n<em><img loading=\"lazy\" decoding=\"async\" class=\"wp-image-317\" style=\"border: 0px; margin: 0 5px 0 0;\" src=\"https:\/\/adictosaljetlag.com\/wp-content\/uploads\/2015\/12\/restaurante2.png\" alt=\"\" width=\"25\" height=\"30\">Normal<\/em><br \/>\n<em><img loading=\"lazy\" decoding=\"async\" class=\"wp-image-317\" style=\"border: 0px; margin: 0 5px 0 0;\" src=\"https:\/\/adictosaljetlag.com\/wp-content\/uploads\/2015\/12\/restaurante3.png\" alt=\"\" width=\"25\" height=\"30\">Malo<\/em><\/div>\n<div style=\"width: 190px; display: inline-block;\"><em><img loading=\"lazy\" decoding=\"async\" class=\"wp-image-317\" style=\"border: 0px; margin: 0 5px 0 0;\" src=\"https:\/\/adictosaljetlag.com\/wp-content\/uploads\/2015\/12\/monumentoGris.png\" alt=\"\" width=\"25\" height=\"30\"><img loading=\"lazy\" decoding=\"async\" class=\"wp-image-317\" style=\"border: 0px; margin: 0 5px 0 0;\" src=\"https:\/\/adictosaljetlag.com\/wp-content\/uploads\/2015\/12\/restauranteGris.png\" alt=\"\" width=\"25\" height=\"30\">Lugares\/Restaurantes que parecen interesantes pero que no hemos visitado<\/em><\/div>\n<div style=\"margin-top: 10px;\"><iframe loading=\"lazy\" src=\"https:\/\/www.google.com\/maps\/d\/u\/3\/embed?mid=zRwyhXUm_7lA.kzyMvvleb5UE\" width=\"640\" height=\"480\" style=\"border:none\"><\/iframe><\/div>\n<p>&nbsp;<\/p>\n<p>Es cierto que Vietnam no tiene grandes monumentos que visitar (en parte debido a la guerra)&nbsp;ni tampoco tiene arraigadas tradiciones, pero su gente es muy amable y respetuosa y es muy agradable poder pasear tranquilamente por sus ciudades y mercados contemplando a la gente local y disfrutando de su buena comida. Una menci\u00f3n especial merecen los incre\u00edbles paisajes de la Bah\u00eda de Halong y los bonitos arrozales de Sapa (una pena que se est\u00e9 explotando tanto tur\u00edsticamente esta zona). En resumen, un destino muy recomendable si te gusta pasear por&nbsp;ciudades y mercados y no tanto si tu inter\u00e9s es visitar grandes monumentos.<\/p>\n","protected":false},"excerpt":{"rendered":"<p>&nbsp; Aqu\u00ed encontrareis todos los post del diario de viaje a Vietnam y un mapa donde hemos anotado y comentado todos los sitios que hemos visitado (y alguno m\u00e1s que llev\u00e1bamos apuntado pero que al final no vimos). D\u00cdA 1: Vuelo Madrid-Hanoi D\u00cdA 2: (Jueves 16 de Julio): Hanoi D\u00cdA 3: (Viernes 17 de Julio): [&hellip;]<\/p>\n","protected":false},"author":1,"featured_media":0,"parent":0,"menu_order":0,"comment_status":"closed","ping_status":"closed","template":"template-page.php","meta":{"_acf_changed":false,"advgb_blocks_editor_width":"","advgb_blocks_columns_visual_guide":"","footnotes":""},"acf":[],"coauthors":[],"author_meta":{"author_link":"https:\/\/www.adictosaljetlag.com\/index.php\/author\/adictos\/","display_name":"adictos"},"relative_dates":{"created":"Publicado 10 a\u00f1os hace","modified":"Actualizado 6 a\u00f1os hace"},"absolute_dates":{"created":"Publicado el 28 noviembre, 2015","modified":"Actualizado el 18 abril, 2020"},"absolute_dates_time":{"created":"Publicado el 28 noviembre, 2015 11:14 am","modified":"Actualizado el 18 abril, 2020 2:35 pm"},"featured_img_caption":"","featured_img":false,"series_order":"","rttpg_featured_image_url":null,"rttpg_author":{"display_name":"adictos","author_link":"https:\/\/www.adictosaljetlag.com\/index.php\/author\/adictos\/"},"rttpg_comment":0,"rttpg_category":null,"rttpg_excerpt":"&nbsp; Aqu\u00ed encontrareis todos los post del diario de viaje a Vietnam y un mapa donde hemos anotado y comentado todos los sitios que hemos visitado (y alguno m\u00e1s que llev\u00e1bamos apuntado pero que al final no vimos). D\u00cdA 1: Vuelo Madrid-Hanoi D\u00cdA 2: (Jueves 16 de Julio): Hanoi D\u00cdA 3: (Viernes 17 de Julio):&hellip;","_links":{"self":[{"href":"https:\/\/www.adictosaljetlag.com\/index.php\/wp-json\/wp\/v2\/pages\/229"}],"collection":[{"href":"https:\/\/www.adictosaljetlag.com\/index.php\/wp-json\/wp\/v2\/pages"}],"about":[{"href":"https:\/\/www.adictosaljetlag.com\/index.php\/wp-json\/wp\/v2\/types\/page"}],"author":[{"embeddable":true,"href":"https:\/\/www.adictosaljetlag.com\/index.php\/wp-json\/wp\/v2\/users\/1"}],"replies":[{"embeddable":true,"href":"https:\/\/www.adictosaljetlag.com\/index.php\/wp-json\/wp\/v2\/comments?post=229"}],"version-history":[{"count":41,"href":"https:\/\/www.adictosaljetlag.com\/index.php\/wp-json\/wp\/v2\/pages\/229\/revisions"}],"predecessor-version":[{"id":3352,"href":"https:\/\/www.adictosaljetlag.com\/index.php\/wp-json\/wp\/v2\/pages\/229\/revisions\/3352"}],"wp:attachment":[{"href":"https:\/\/www.adictosaljetlag.com\/index.php\/wp-json\/wp\/v2\/media?parent=229"}],"curies":[{"name":"wp","href":"https:\/\/api.w.org\/{rel}","templated":true}]}}